{"id":51,"date":"2010-02-01T13:59:37","date_gmt":"2010-02-01T13:59:37","guid":{"rendered":"http:\/\/predator-fishing-tours.de\/wordpress\/?page_id=51"},"modified":"2010-02-01T13:59:37","modified_gmt":"2010-02-01T13:59:37","slug":"predator-fishing-tours-geschenkideen","status":"publish","type":"page","link":"https:\/\/predator-fishing-tours.de\/?page_id=51","title":{"rendered":"Predator Fishing Tours &#8211; Geschenkideen"},"content":{"rendered":"<p>&nbsp;<\/p>\n<p><span style=\"font-size: large;\"><strong><u><span style=\"font-size: 13.5pt;\"><span style=\"color: #000000; font-family: arial,helvetica,sans-serif;\">GUTSCHEIN:<\/span><\/span><\/u><\/strong><\/span><\/p>\n<p>&nbsp;<\/p>\n<p style=\"text-align: center;\"><span style=\"font-size: large;\"><strong><span style=\"font-size: 13.5pt; color: #365f91;\"><span style=\"font-family: arial,helvetica,sans-serif;\">Wie w\u00e4re es mit einem sinnvollen Geschenk f\u00fcr den anspruchsvollen Fischer?<br \/>\nMit einem <u>GESCHENKGUTSCHEIN!<br \/>\n<\/u><\/span><\/span><\/strong><\/span><span style=\"font-size: large;\"><strong><span style=\"font-size: 13.5pt; color: #365f91;\"><span style=\"font-family: arial,helvetica,sans-serif;\"><u><img loading=\"lazy\" decoding=\"async\" src=\"https:\/\/predator-fishing-tours.de\/images\/stories\/gutschein-muster.jpg\" alt=\"\" width=\"350\" height=\"469\" \/><br \/>\n<\/u><\/span><\/span><\/strong><\/span><\/p>\n<p><span style=\"font-size: large;\"><span style=\"color: #000000;\"><span style=\"font-family: arial,helvetica,sans-serif;\"><strong><span style=\"font-size: 13.5pt;\">Unsere Reisen, Ausfl\u00fcge, Kurse und Guidingtouren sind die alternativen Geschenkideen mit Erlebnischarakter!<\/span><\/strong><\/span><\/span><\/span><\/p>\n<p>&nbsp;<\/p>\n<p><span style=\"font-size: large;\"><strong><span style=\"font-size: 13.5pt; color: #365f91;\"><span style=\"font-family: arial,helvetica,sans-serif;\">Wir helfen gerne bei der Auswahl und Gestaltung Ihres Geschenks. <\/span><\/span><\/strong><\/span><\/p>\n<p>&nbsp;<\/p>\n<p><span style=\"font-size: large;\"><span style=\"font-size: large;\"><b><span style=\"font-size: 13.5pt; color: #00b050;\"><span style=\"font-family: arial,helvetica,sans-serif;\"><strong>\u00a0<\/strong><\/span><\/span><\/b><\/span><\/span><\/p>\n<p align=\"center\"><span style=\"font-size: 12pt; color: #61802e; font-family: Arial;\"><span style=\"font-size: 10.5pt; color: #333333; font-family: Arial;\"><span style=\"font-size: 10.5pt; color: #333333; font-family: Arial;\"><span style=\"font-size: 10.5pt; color: #333333; font-family: Arial;\"><span style=\"font-size: 10.5pt; color: #333333; font-family: Arial;\"><span style=\"font-size: 10.5pt; color: #333333; font-family: Arial;\"><span style=\"font-size: 10.5pt; color: #333333; font-family: Arial;\"><span style=\"font-size: 10.5pt; color: #333333; font-family: Arial;\"><span style=\"font-size: 10.5pt; color: #333333; font-family: Arial;\"><span style=\"font-size: 10.5pt; color: #333333; font-family: Arial;\"><span style=\"font-size: 10.5pt; color: #333333; font-family: Arial;\"><span style=\"font-size: 10.5pt; color: #333333; font-family: Arial;\"><span style=\"font-size: 10.5pt; color: #333333; font-family: Arial;\"><span style=\"font-size: 10.5pt; color: #333333; font-family: Arial;\"><span style=\"font-size: 10.5pt; color: #333333; font-family: Arial;\"><span style=\"font-size: 12pt; color: #61802e; font-family: Arial;\"><span style=\"font-size: 10.5pt; color: #333333; font-family: Arial;\"><span style=\"font-size: 14pt; color: black; font-family: Verdana;\"> <a href=\"https:\/\/predator-fishing-tours.de\/wordpress\/?page_id=249\"><span style=\"background-color: #ffff00; font-family: arial,helvetica,sans-serif; font-size: x-large;\"><strong>&gt;&gt;Zur Anfrage bzw. Bestellung&lt;&lt;<\/strong><\/span><\/a><\/span><\/span><\/span><\/span><\/span><\/span><\/span><\/span><\/span><\/span><\/span><\/span><\/span><\/span><\/span><\/span><\/span><\/span><u> <\/u><\/p>\n<p><span style=\"font-size: large;\"><b><\/b><b><span style=\"font-size: 13.5pt;\"><strong><span style=\"color: #00b050;\"><span style=\"font-family: arial,helvetica,sans-serif;\"><u><br \/>\n<\/u><\/span><\/span><\/strong><\/span><\/b><\/span><\/p>\n","protected":false},"excerpt":{"rendered":"<p>&nbsp; GUTSCHEIN: &nbsp; Wie w\u00e4re es mit einem sinnvollen Geschenk f\u00fcr den anspruchsvollen Fischer? Mit einem GESCHENKGUTSCHEIN! Unsere Reisen, Ausfl\u00fcge,<\/p>\n","protected":false},"author":1,"featured_media":0,"parent":0,"menu_order":15,"comment_status":"closed","ping_status":"closed","template":"","meta":{"footnotes":""},"_links":{"self":[{"href":"https:\/\/predator-fishing-tours.de\/index.php?rest_route=\/wp\/v2\/pages\/51"}],"collection":[{"href":"https:\/\/predator-fishing-tours.de\/index.php?rest_route=\/wp\/v2\/pages"}],"about":[{"href":"https:\/\/predator-fishing-tours.de\/index.php?rest_route=\/wp\/v2\/types\/page"}],"author":[{"embeddable":true,"href":"https:\/\/predator-fishing-tours.de\/index.php?rest_route=\/wp\/v2\/users\/1"}],"replies":[{"embeddable":true,"href":"https:\/\/predator-fishing-tours.de\/index.php?rest_route=%2Fwp%2Fv2%2Fcomments&post=51"}],"version-history":[{"count":0,"href":"https:\/\/predator-fishing-tours.de\/index.php?rest_route=\/wp\/v2\/pages\/51\/revisions"}],"wp:attachment":[{"href":"https:\/\/predator-fishing-tours.de\/index.php?rest_route=%2Fwp%2Fv2%2Fmedia&parent=51"}],"curies":[{"name":"wp","href":"https:\/\/api.w.org\/{rel}","templated":true}]}}