{"id":47,"date":"2010-02-01T13:55:35","date_gmt":"2010-02-01T13:55:35","guid":{"rendered":"http:\/\/predator-fishing-tours.de\/wordpress\/?page_id=47"},"modified":"2010-02-01T13:55:35","modified_gmt":"2010-02-01T13:55:35","slug":"predator-fishing-tours-impressum","status":"publish","type":"page","link":"https:\/\/predator-fishing-tours.de\/?page_id=47","title":{"rendered":"Predator Fishing Tours &#8211; Impressum"},"content":{"rendered":"<p><!--  <SCRIPT LANGUAGE=\"JavaScript\">  if (window == top) top.location.href=\"index.html\";  <\/script>      --><\/p>\n<h1 align=\"center\"><a href=\"predator\/guide-small.jpg\"><span style=\"font-family: times new roman,times,serif;\"><img loading=\"lazy\" decoding=\"async\" src=\"https:\/\/predator-fishing-tours.de\/images\/stories\/guide.jpg\" alt=\"Predator Fishing Tours\" width=\"350\" height=\"263\" border=\"0\" \/><\/span><\/a><\/h1>\n<h3 align=\"center\"><span style=\"font-family: arial,helvetica,sans-serif; font-size: x-large;\">Predator Fishing Tours<\/span><\/h3>\n<h4 align=\"center\"><span style=\"font-family: arial,helvetica,sans-serif; font-size: large;\">Markus Lang<br \/>\nAuf dem Gries 35<br \/>\n93342 Saal an der Donau<br \/>\nTelefon: +49 9441 610 1420<br \/>\nMobil: +49 171 124 32 09<\/span><\/h4>\n<h4 align=\"center\"><span style=\"font-family: arial,helvetica,sans-serif; font-size: large;\">E-Mail: mail [at] predator-fishing.de<br \/>\nInternet: www.predator-fishing-tours.de<\/span><\/h4>\n<h4 align=\"center\"><a href=\"http:\/\/www.predator-fishing-tours.de\/content\/view\/40\/151\/\"><span style=\"font-size: larger;\"><span style=\"font-family: arial,helvetica,sans-serif;\">Allgemeine Gesch\u00e4ftsbedigungen &#8211; AGB<\/span><\/span><\/a><\/h4>\n<p><!--\n\n\n<p align=\"center\">Vertretungsberechtigter Gesch&auml;ftsf&uuml;hrer: <strong>Markus Lang<\/strong><\/p>\n\n\n\n\n<p align=\"center\">Registergericht: Amtsgericht Regensburg\nRegisternummer: HRB ????\n\n\n\n<p align=\"center\" mce_keep=\"true\" mce_keep=\"true\" mce_keep=\"true\" mce_keep=\"true\" mce_keep=\"true\" mce_keep=\"true\" mce_keep=\"true\" mce_keep=\"true\" mce_keep=\"true\" mce_keep=\"true\" mce_keep=\"true\" mce_keep=\"true\" mce_keep=\"true\" mce_keep=\"true\" mce_keep=\"true\" mce_keep=\"true\" mce_keep=\"true\" mce_keep=\"true\" mce_keep=\"true\" mce_keep=\"true\" mce_keep=\"true\" mce_keep=\"true\" mce_keep=\"true\" mce_keep=\"true\" mce_keep=\"true\" mce_keep=\"true\" mce_keep=\"true\" mce_keep=\"true\" mce_keep=\"true\" mce_keep=\"true\" mce_keep=\"true\" mce_keep=\"true\" mce_keep=\"true\" mce_keep=\"true\" mce_keep=\"true\" mce_keep=\"true\" mce_keep=\"true\" mce_keep=\"true\" mce_keep=\"true\" mce_keep=\"true\" mce_keep=\"true\" mce_keep=\"true\" mce_keep=\"true\" mce_keep=\"true\" mce_keep=\"true\" mce_keep=\"true\" mce_keep=\"true\" mce_keep=\"true\" mce_keep=\"true\" mce_keep=\"true\">\n\n\n<p align=\"center\">Umsatzsteuer-Identifikationsnummer gem&auml;&szlig; &sect; 27 a Umsatzsteuergesetz: <strong>DE??????<\/strong><\/p>\n\n\n\n\n<p align=\"center\" mce_keep=\"true\" mce_keep=\"true\" mce_keep=\"true\" mce_keep=\"true\" mce_keep=\"true\" mce_keep=\"true\" mce_keep=\"true\" mce_keep=\"true\" mce_keep=\"true\" mce_keep=\"true\" mce_keep=\"true\" mce_keep=\"true\" mce_keep=\"true\" mce_keep=\"true\" mce_keep=\"true\" mce_keep=\"true\" mce_keep=\"true\" mce_keep=\"true\" mce_keep=\"true\" mce_keep=\"true\" mce_keep=\"true\" mce_keep=\"true\" mce_keep=\"true\" mce_keep=\"true\" mce_keep=\"true\" mce_keep=\"true\" mce_keep=\"true\" mce_keep=\"true\" mce_keep=\"true\" mce_keep=\"true\" mce_keep=\"true\" mce_keep=\"true\" mce_keep=\"true\" mce_keep=\"true\" mce_keep=\"true\" mce_keep=\"true\" mce_keep=\"true\" mce_keep=\"true\" mce_keep=\"true\" mce_keep=\"true\" mce_keep=\"true\" mce_keep=\"true\" mce_keep=\"true\" mce_keep=\"true\" mce_keep=\"true\" mce_keep=\"true\" mce_keep=\"true\" mce_keep=\"true\" mce_keep=\"true\" mce_keep=\"true\">--><\/p>\n<p align=\"center\"><span style=\"font-family: arial,helvetica,sans-serif; font-size: medium;\">Inhaltlich Verantwortlicher gem\u00e4\u00df \u00a7 55 Abs. 2 RStV: Markus Lang<br \/>\n<\/span><\/p>\n<p align=\"center\"><span style=\"font-family: arial,helvetica,sans-serif; font-size: medium;\">Steuer-Nr: 126 \/ 243 \/ 30011 \/ Finanzamt Kelheim<br \/>\n<\/span><\/p>\n<p align=\"center\"><span style=\"font-family: arial,helvetica,sans-serif; font-size: medium;\">Haftungshinweis: Trotz sorgf\u00e4ltiger inhaltlicher Kontrolle \u00fcbernehmen wir keine Haftung f\u00fcr die<br \/>\nInhalte externer Links. F\u00fcr den Inhalt der verlinkten Seiten sind ausschlie\u00dflich deren<br \/>\nBetreiber verantwortlich.<\/span><\/p>\n","protected":false},"excerpt":{"rendered":"<p>Predator Fishing Tours Markus Lang Auf dem Gries 35 93342 Saal an der Donau Telefon: +49 9441 610 1420 Mobil:<\/p>\n","protected":false},"author":1,"featured_media":0,"parent":0,"menu_order":19,"comment_status":"closed","ping_status":"closed","template":"","meta":{"footnotes":""},"_links":{"self":[{"href":"https:\/\/predator-fishing-tours.de\/index.php?rest_route=\/wp\/v2\/pages\/47"}],"collection":[{"href":"https:\/\/predator-fishing-tours.de\/index.php?rest_route=\/wp\/v2\/pages"}],"about":[{"href":"https:\/\/predator-fishing-tours.de\/index.php?rest_route=\/wp\/v2\/types\/page"}],"author":[{"embeddable":true,"href":"https:\/\/predator-fishing-tours.de\/index.php?rest_route=\/wp\/v2\/users\/1"}],"replies":[{"embeddable":true,"href":"https:\/\/predator-fishing-tours.de\/index.php?rest_route=%2Fwp%2Fv2%2Fcomments&post=47"}],"version-history":[{"count":0,"href":"https:\/\/predator-fishing-tours.de\/index.php?rest_route=\/wp\/v2\/pages\/47\/revisions"}],"wp:attachment":[{"href":"https:\/\/predator-fishing-tours.de\/index.php?rest_route=%2Fwp%2Fv2%2Fmedia&parent=47"}],"curies":[{"name":"wp","href":"https:\/\/api.w.org\/{rel}","templated":true}]}}