{"id":46,"date":"2010-02-01T13:53:27","date_gmt":"2010-02-01T13:53:27","guid":{"rendered":"http:\/\/predator-fishing-tours.de\/wordpress\/?page_id=46"},"modified":"2010-02-01T13:53:27","modified_gmt":"2010-02-01T13:53:27","slug":"allgemeine-geschaeftsbedingungen","status":"publish","type":"page","link":"https:\/\/predator-fishing-tours.de\/?page_id=46","title":{"rendered":"Allgemeine Gesch\u00e4ftsbedingungen"},"content":{"rendered":"<p class=\"MsoNormal\" style=\"background: #ffc000; line-height: normal; -moz-background-clip: border; -moz-background-origin: padding; -moz-background-inline-policy: continuous;\"><span style=\"font-family: Arial;\"><span style=\"font-size: larger;\"><b>1. Allgemeine Bedingungen<\/b><\/span><\/span><\/p>\n<p><span style=\"font-family: Arial;\"><span style=\"font-size: larger;\">F\u00fcr die Angelkurse und f\u00fcr das Guiding mit Predator-Fishing-Tours gelten die nachfolgenden allgemeinen Bedingungen. Sie regeln das Rechtsverh\u00e4ltnis zwischen dem Anmeldenden und Predator-Fishing-Tours. Erg\u00e4nzend gelten die zutreffenden Vorschriften des HBG und BGH.<\/span><\/span><\/p>\n<p class=\"MsoNormal\" style=\"background: #ffc000; line-height: normal; -moz-background-clip: border; -moz-background-origin: padding; -moz-background-inline-policy: continuous;\"><span style=\"font-family: Arial;\"><span style=\"font-size: larger;\"><b>2. Vertragsbeziehung<\/b><\/span><\/span><\/p>\n<p class=\"MsoNormal\" style=\"margin-bottom: 0pt; line-height: normal; text-align: justify;\"><span style=\"font-family: Arial;\"><span style=\"font-size: larger;\">Mit der Buchung bieten Sie uns verbindlich den Abschluss eines Vertrages f\u00fcr Angelkurse und Guiding an. <\/span><\/span><\/p>\n<p class=\"MsoNormal\" style=\"margin-bottom: 0pt; line-height: normal; text-align: justify;\"><span style=\"font-family: Arial;\"><span style=\"font-size: larger;\">Nach Pr\u00fcfung Ihrer Buchung erfolgt die Annahme durch Zusendung einer Best\u00e4tigung per Post oder Email bzw. auch telefonisch. <\/span><\/span><\/p>\n<p class=\"MsoNormal\" style=\"margin-bottom: 0pt; line-height: normal; text-align: justify;\"><span style=\"font-family: Arial;\"><span style=\"font-size: larger;\">Die Zusendung der Best\u00e4tigung gilt als Annahme Ihres Angebots (Buchung). Der Umfang der vertraglichen Leistung ergibt sich aus der Best\u00e4tigung. <\/span><\/span><\/p>\n<p class=\"MsoNormal\" style=\"margin-bottom: 0pt; line-height: normal; text-align: justify;\">\n<p class=\"MsoNormal\" style=\"margin-bottom: 0pt; line-height: normal; text-align: justify;\">\n<p style=\"background: #ffc000; -moz-background-clip: border; -moz-background-origin: padding; -moz-background-inline-policy: continuous;\"><span style=\"font-size: larger;\"><b>3. Leistungsverg\u00fctung<\/b><\/span><\/p>\n<p>&nbsp;<\/p>\n<p style=\"background: #ffc000; -moz-background-clip: border; -moz-background-origin: padding; -moz-background-inline-policy: continuous;\">\n<p><span style=\"font-family: Arial;\"><span style=\"font-size: larger;\">Die Geb\u00fchren sind im voraus zu entrichten und gelten jeweils in Euro pro Kurs\/Guiding und pro Teilnehmer. Sie beinhalten die Teilnahme am reinen Schulungsprogramm bzw. Guidingprogramm. Nicht darin enthalten sind alle anderen Kosten wie Erlaubnisschein, An- und Abreise, \u00dcbernachtung, Bewirtung usw.. Einfaches, Zweckm\u00e4\u00dfiges Angelger\u00e4t kann durch den Veranstalter nach vorheriger Absprache gestellt werden. Vorzugsweise wird aber eigenes, geeignetes Angelger\u00e4t des Kursteilnehmers aus Schulungsgr\u00fcnden eingesetzt. K\u00f6dermaterial und Futtermittel wird dem Kursteilnehmer zu Selbstkosten in Rechnung gestellt.<\/span><\/span><\/p>\n<p class=\"MsoNormal\" style=\"background: #ffc000; line-height: normal; -moz-background-clip: border; -moz-background-origin: padding; -moz-background-inline-policy: continuous;\"><span style=\"font-family: Arial;\"><span style=\"font-size: larger;\"><b>4. Leistungszeitpunkt \/ Umbuchung<\/b><\/span><\/span><\/p>\n<p class=\"MsoNormal\" style=\"line-height: normal;\"><span style=\"font-family: Arial;\"><span style=\"font-size: larger;\">Die Kurse und das Guiding findet generell &#8222;nach Vereinbarung&#8220; auf Voranmeldung statt.<\/span><\/span><\/p>\n<p><span style=\"font-family: Arial;\"><span style=\"font-size: larger;\">Predator-Fishing-Tours stellt ihnen einen Termin zur Verf\u00fcgung. Jedoch kann der Termin unsererseits wegen schlechten Witterungsbedingungen\u00a0und den daraus resultierenden Bedingungen an den einzelnen Gew\u00e4ssern (zum Beispiel\u00a0wegen Hochwasser)\u00a0verschoben werden.<br \/>\nSowie aus anderen organisatorischen Gr\u00fcnden beh\u00e4lt sich der Veranstalter Termin- und Programm\u00e4nderungen\u00a0(Guiding ohne Bootstour, wenn die Bedingungen schlecht sind)\u00a0vor.<br \/>\nDem Kursteilnehmer dadurch entstehende Kosten werden nicht \u00fcbernommen.<\/span><\/span><\/p>\n<p class=\"MsoNormal\" style=\"line-height: normal;\"><span style=\"font-family: Arial;\"><span style=\"font-size: larger;\">Sollte der Kunde den Termin nicht einhalten k\u00f6nnen, bekommt er kostenlos <u>einmalig<\/u> einen Ersatztermin zur Verf\u00fcgung gestellt. Jedoch muss der Kunde dies\u00a0 rechtzeitig (mindestens 3 Tage vor Beginn des Termins) bekannt geben.\u00a0 <\/span><\/span><\/p>\n<p class=\"MsoNormal\" style=\"line-height: normal;\"><span style=\"font-family: Arial;\"><span style=\"font-size: larger;\">Kann der Kunde diesen Ersatztermin nicht wahrnehmen, fallen Bearbeitungsgeb\u00fchren bzw. Umbuchungsgeb\u00fchren in H\u00f6he von 10,- Euro an. <\/span><\/span><\/p>\n<p class=\"MsoNormal\" style=\"line-height: normal;\"><span style=\"font-family: Arial;\"><span style=\"font-size: larger;\">Sollten andere Mehrkosten entstehen, sind diese vom Kunden zu zahlen. Zum Beispiel bei Anf\u00fctterung eines Angelplatzes. (Aufz\u00e4hlung nicht abschlie\u00dfend)<\/span><\/span><span style=\"font-family: Arial;\"><span style=\"font-size: larger;\"><br \/>\n<\/span><\/span><\/p>\n<p class=\"MsoNormal\" style=\"background: #ffc000; line-height: normal; -moz-background-clip: border; -moz-background-origin: padding; -moz-background-inline-policy: continuous;\"><span style=\"font-family: Arial;\"><span style=\"font-size: larger;\"><b>5. Bezahlung \/ Stornierung <\/b><\/span><\/span><\/p>\n<p class=\"MsoNormal\" style=\"margin-bottom: 0pt; line-height: normal; text-align: justify;\"><span style=\"font-family: Arial;\"><span style=\"font-size: larger;\"><b>Die Bezahlung <\/b>erfolgt grunds\u00e4tzlich im Voraus. Au\u00dfer es ist mit Predator-Fishing-Tours gesondert etwas anderes vereinbart worden.<\/span><\/span><\/p>\n<p class=\"MsoNormal\" style=\"margin-bottom: 0pt; line-height: normal; text-align: justify;\"><span style=\"font-family: Arial;\"><span style=\"font-size: larger;\">Die Buchung ist nur g\u00fcltig, wenn die Bezahlung auf dem Konto von Predator-Fishing-Tours eingegangen ist. Sollte diese nicht rechtzeitig ( mindestens 15 Tage vor Termin) erfolgen, kann Predator-Fishing-Tours den Termin anderweitig vergeben<\/span><\/span><span style=\"font-size: larger;\"><span style=\"font-family: Arial;\"><br \/>\n<\/span><\/span><\/p>\n<p class=\"MsoNormal\" style=\"margin-bottom: 0pt; line-height: normal; text-align: justify;\">\n<p class=\"MsoNormal\" style=\"margin-bottom: 0pt; line-height: normal; text-align: justify;\"><span style=\"font-size: larger;\"><b>Stornokosten<\/b>, bei Absage des Kurses bzw. des Guiding wird der Gesamtbetrag zur\u00fcckbezahlt. Jedoch f\u00e4llt eine Stornopauschale in H\u00f6he von 10% pro Person an. <\/span><\/p>\n<p class=\"MsoNormal\" style=\"margin-bottom: 0pt; line-height: normal; text-align: justify;\">\n<p><span style=\"font-size: larger;\">Bei Nichterscheinen des Kursteilnehmers zum vereinbarten Kurs\u00a0 oder Guiding ohne Benachrichtigung (sp\u00e4testens beim Veranstalter 1 Tage vor Kursbeginn eingehend) wird der volle Kurs in Rechnung gestellt.<\/span><\/p>\n<p>&nbsp;<\/p>\n<p class=\"MsoNormal\" style=\"background: #ffc000; line-height: normal; -moz-background-clip: border; -moz-background-origin: padding; -moz-background-inline-policy: continuous;\"><span style=\"font-family: Arial;\"><span style=\"font-size: larger;\"><b>5. Haftung<\/b><\/span><\/span><\/p>\n<p class=\"MsoNormal\" style=\"margin-bottom: 0pt; line-height: normal; text-align: justify;\"><span style=\"font-family: Arial;\"><span style=\"font-size: larger;\">Predator-Fishing-Tours haftet nicht f\u00fcr leichte Fahrl\u00e4ssigkeit. Ausk\u00fcnfte aller Art erfolgen nach bestem Wissen und ohne Gew\u00e4hr.<\/span><\/span><\/p>\n<p class=\"MsoNormal\" style=\"margin-bottom: 0pt; line-height: normal; text-align: justify;\"><span style=\"font-family: Arial;\"><span style=\"font-size: larger;\">Den Anweisungen des Personals beim Kurs oder Guiding ist sofort ohne Widerspr\u00fcche nachzukommen. Sollte dies nicht geschehen, ist der Mitarbeiter von Predator-Fishing-Tours berechtigt, den Kurs bzw. das Guiding sofort zu beenden. Kosten werden nicht erstattet. <\/span><\/span><\/p>\n<p><span style=\"font-family: Arial;\"><span style=\"font-size: larger;\">Die Teilnahme am Kurs, insbesondere der Einsatz von Angelger\u00e4t, das Benutzen von Verkehrsmitteln zu Wasser und zu Land sowie die Begehung von Gew\u00e4sserufern und -Einrichtungen erfolgen auf eigene Gefahr des Kursteilnehmers. F\u00fcr Unf\u00e4lle wird nicht gehaftet.\u00a0 Jugendliche k\u00f6nnen nur in Begleitung von Aufsichtspersonen Teilnehmen.<\/span><\/span><\/p>\n<p class=\"MsoNormal\" style=\"background: #ffc000; line-height: normal; -moz-background-clip: border; -moz-background-origin: padding; -moz-background-inline-policy: continuous;\"><span style=\"font-family: Arial;\"><span style=\"font-size: larger;\"><b>6. Pa\u00df-, Gesundheitsvorschriften, Angelkarten<\/b><\/span><\/span><\/p>\n<p class=\"MsoNormal\" style=\"margin-bottom: 0pt; line-height: normal; text-align: justify;\"><span style=\"font-family: Arial;\"><span style=\"font-size: larger;\">Jeder anmeldende Reisende ist f\u00fcr die Einhaltung der g\u00fcltigen in- und ausl\u00e4ndischen Ein- und Ausreise-, Gesundheits-, Pa\u00df- und Visabestimmungen selbst verantwortlich. <\/span><\/span><span style=\"font-size: larger;\"><span style=\"font-family: Arial;\"><br \/>\n<\/span><\/span><\/p>\n<p class=\"MsoNormal\" style=\"margin-bottom: 0pt; line-height: normal; text-align: justify;\">\n<p class=\"MsoNormal\" style=\"margin-bottom: 0pt; line-height: normal; text-align: justify;\"><span style=\"font-size: larger;\"><b>Angelkarten<\/b><\/span><\/p>\n<p class=\"MsoNormal\" style=\"margin-bottom: 0pt; line-height: normal; text-align: justify;\">\n<p class=\"MsoNormal\" style=\"margin-bottom: 0pt; line-height: normal; text-align: justify;\"><span style=\"font-family: Arial;\"><span style=\"font-size: larger;\">Angelkarten und Bootskarten sind in den Kurs- und Guidingpreise nicht enthalten und werden am Angeltag vor Beginn des Kurses bzw. Guiding bar erhoben. <\/span><\/span><\/p>\n<p class=\"MsoNormal\" style=\"margin-bottom: 0pt; line-height: normal; text-align: justify;\"><span style=\"font-family: Arial;\"><span style=\"font-size: larger;\">Sollte der Kunde kurzfristig am gebuchten Tag den Kurs bzw. das Guiding absagen und die Angelkarte wurde bereits ausgestellt, hat der Kunde die Mehrkosten zu tragen.<\/span><\/span><span style=\"font-size: larger;\"><span style=\"font-family: Arial;\"><br \/>\n<\/span><\/span><\/p>\n<p class=\"MsoNormal\" style=\"margin-bottom: 0pt; line-height: normal; text-align: justify;\">\n<p class=\"MsoNormal\" style=\"margin-bottom: 0pt; line-height: normal; text-align: justify;\"><span style=\"font-size: larger;\"><b>Ein g\u00fcltiger Jahresfischereischein ist f\u00fcr jeden Angler gesetzliche Voraussetzung.<\/b><\/span><\/p>\n<p class=\"MsoNormal\" style=\"margin-bottom: 0pt; line-height: normal; text-align: justify;\">\n<p class=\"MsoNormal\" style=\"margin-bottom: 0pt; line-height: normal; text-align: justify;\"><span style=\"font-size: larger;\">Ein Angler, der keinen deutschen <b>Jahresfischereischein<\/b> besitzt muss sich selbst\u00e4ndig um eine Gastkarte bem\u00fchen. Diese werden bei den deutschen Gemeinden ausgestellt. <\/span><\/p>\n<p class=\"MsoNormal\" style=\"margin-bottom: 0pt; line-height: normal; text-align: justify;\">\n<p class=\"MsoNormal\" style=\"margin-bottom: 0pt; line-height: normal; text-align: justify;\"><span style=\"font-size: larger;\">Sofern es m\u00f6glich ist, wird Predator-Fishing-Tours den Kunden \u00fcber diese auf Anfrage informieren.<\/span><\/p>\n<p class=\"MsoNormal\" style=\"margin-bottom: 0pt; line-height: normal; text-align: justify;\">\n<p class=\"MsoNormal\" style=\"margin-bottom: 0pt; line-height: normal; text-align: justify;\"><span style=\"font-family: Arial;\"><span style=\"font-size: larger;\">Eine Gew\u00e4hr f\u00fcr die erteilten Ausk\u00fcnfte \u00fcbernimmt Predator-Fishing-Tours nicht. <\/span><\/span><span style=\"font-size: larger;\"><span style=\"font-family: Arial;\"><br \/>\n<\/span><\/span><\/p>\n<p class=\"MsoNormal\" style=\"margin-bottom: 0pt; line-height: normal; text-align: justify;\">\n<p class=\"MsoNormal\" style=\"background: #ffc000; line-height: normal; -moz-background-clip: border; -moz-background-origin: padding; -moz-background-inline-policy: continuous;\"><span style=\"font-size: larger;\"><b>7. Gerichtsstand<\/b><\/span><\/p>\n<p class=\"MsoNormal\" style=\"background: #ffc000; line-height: normal; -moz-background-clip: border; -moz-background-origin: padding; -moz-background-inline-policy: continuous;\">\n<p class=\"MsoNormal\" style=\"margin-bottom: 0pt; line-height: normal;\"><span style=\"font-family: Arial;\"><span style=\"font-size: larger;\">Gerichtsstand f\u00fcr Vollkaufleute, f\u00fcr Personen, die keinen allgemeinen Gerichtsstand im Inland haben sowie f\u00fcr Personen, die nach Abschluss des Vertrages ihren Wohnsitz oder gew\u00f6hnlichen Aufenthaltsort ins Ausland verlegt haben oder deren Wohnsitz oder gew\u00f6hnlicher Aufenthalt zum Zeitpunkt der Klageerhebung nicht bekannt ist, ist Regensburg.<br \/>\nIm \u00fcbrigen gelten die gesetzlichen Gerichtsst\u00e4nde. Auf das Rechts- und Vertragsverh\u00e4ltnis findet das Recht der Bundesrepublik Deutschland Anwendung. <\/span><\/span><\/p>\n<p class=\"MsoNormal\" style=\"margin-bottom: 0pt; line-height: normal;\"><span style=\"font-family: Arial;\"><span style=\"font-size: larger;\"><i>Stand <\/i><\/span><\/span><span style=\"font-family: Arial;\"><span style=\"font-size: larger;\"><i>01.09.2009<\/i><\/span><\/span><\/p>\n<p class=\"MsoNormal\" style=\"line-height: normal; text-align: justify;\"><span style=\"font-family: Arial;\"><span style=\"font-size: larger;\"><b>Sie erkl\u00e4ren sich mit den oben aufgef\u00fchrten allgemeinen Gesch\u00e4ftsbedingung einverstanden, ohne diese separat zu best\u00e4tigen, indem Sie die Buchung annehmen. <\/b><\/span><\/span><span style=\"font-size: larger;\"><br \/>\n<\/span><\/p>\n","protected":false},"excerpt":{"rendered":"<p>1. Allgemeine Bedingungen F\u00fcr die Angelkurse und f\u00fcr das Guiding mit Predator-Fishing-Tours gelten die nachfolgenden allgemeinen Bedingungen. Sie regeln das<\/p>\n","protected":false},"author":1,"featured_media":0,"parent":0,"menu_order":20,"comment_status":"closed","ping_status":"closed","template":"","meta":{"footnotes":""},"_links":{"self":[{"href":"https:\/\/predator-fishing-tours.de\/index.php?rest_route=\/wp\/v2\/pages\/46"}],"collection":[{"href":"https:\/\/predator-fishing-tours.de\/index.php?rest_route=\/wp\/v2\/pages"}],"about":[{"href":"https:\/\/predator-fishing-tours.de\/index.php?rest_route=\/wp\/v2\/types\/page"}],"author":[{"embeddable":true,"href":"https:\/\/predator-fishing-tours.de\/index.php?rest_route=\/wp\/v2\/users\/1"}],"replies":[{"embeddable":true,"href":"https:\/\/predator-fishing-tours.de\/index.php?rest_route=%2Fwp%2Fv2%2Fcomments&post=46"}],"version-history":[{"count":0,"href":"https:\/\/predator-fishing-tours.de\/index.php?rest_route=\/wp\/v2\/pages\/46\/revisions"}],"wp:attachment":[{"href":"https:\/\/predator-fishing-tours.de\/index.php?rest_route=%2Fwp%2Fv2%2Fmedia&parent=46"}],"curies":[{"name":"wp","href":"https:\/\/api.w.org\/{rel}","templated":true}]}}